{"id":12881,"date":"2026-02-07T05:06:49","date_gmt":"2026-02-07T05:06:49","guid":{"rendered":"https:\/\/programalab.dev\/conectas\/?post_type=product&#038;p=12881"},"modified":"2026-02-07T05:08:00","modified_gmt":"2026-02-07T05:08:00","slug":"reto-sabores-extremos","status":"publish","type":"product","link":"https:\/\/programalab.dev\/conectas\/shop\/ubicacion\/cancun\/reto-sabores-extremos\/","title":{"rendered":"Reto Sabores Extremos"},"content":{"rendered":"<p>Prueba de platillos intensos o edici\u00f3n especial del men\u00fa con din\u00e1mica divertida para contenido viral.<\/p>\n","protected":false},"excerpt":{"rendered":"<p>Prueba de platillos intensos o edici\u00f3n especial del men\u00fa con din\u00e1mica divertida para contenido viral.<\/p>\n","protected":false},"featured_media":12099,"comment_status":"open","ping_status":"closed","template":"","meta":[],"product_brand":[],"product_cat":[15,115,117,112,111,107],"product_tag":[],"class_list":{"0":"post-12881","1":"product","2":"type-product","3":"status-publish","4":"has-post-thumbnail","6":"product_cat-todas-las-experiencias","7":"product_cat-cancun","8":"product_cat-experiencias","9":"product_cat-restaurante","10":"product_cat-tipo","11":"product_cat-ubicacion","12":"membership-content","13":"purchase-restricted","15":"first","16":"onbackorder","17":"virtual","18":"product-type-simple"},"exclude_global_add_ons":false,"addons":[{"name":"Fecha de visita","type":"datepicker","position":0,"required":true,"title_format":"heading","default":"","description_enable":false,"description":"","placeholder_enable":false,"placeholder":"","display":"select","restrictions_type":"any_text","adjust_price":false,"price":"","price_type":"flat_fee","restrictions":false,"min":"0","max":"0","options":[],"id":1769183646}],"_links":{"self":[{"href":"https:\/\/programalab.dev\/conectas\/wp-json\/wp\/v2\/product\/12881","targetHints":{"allow":["GET"]}}],"collection":[{"href":"https:\/\/programalab.dev\/conectas\/wp-json\/wp\/v2\/product"}],"about":[{"href":"https:\/\/programalab.dev\/conectas\/wp-json\/wp\/v2\/types\/product"}],"replies":[{"embeddable":true,"href":"https:\/\/programalab.dev\/conectas\/wp-json\/wp\/v2\/comments?post=12881"}],"wp:featuredmedia":[{"embeddable":true,"href":"https:\/\/programalab.dev\/conectas\/wp-json\/wp\/v2\/media\/12099"}],"wp:attachment":[{"href":"https:\/\/programalab.dev\/conectas\/wp-json\/wp\/v2\/media?parent=12881"}],"wp:term":[{"taxonomy":"product_brand","embeddable":true,"href":"https:\/\/programalab.dev\/conectas\/wp-json\/wp\/v2\/product_brand?post=12881"},{"taxonomy":"product_cat","embeddable":true,"href":"https:\/\/programalab.dev\/conectas\/wp-json\/wp\/v2\/product_cat?post=12881"},{"taxonomy":"product_tag","embeddable":true,"href":"https:\/\/programalab.dev\/conectas\/wp-json\/wp\/v2\/product_tag?post=12881"}],"curies":[{"name":"wp","href":"https:\/\/api.w.org\/{rel}","templated":true}]}}