{"id":633,"date":"2020-10-13T09:00:26","date_gmt":"2020-10-13T09:00:26","guid":{"rendered":"http:\/\/localhost\/razzi\/?page_id=633"},"modified":"2026-02-07T01:18:50","modified_gmt":"2026-02-07T01:18:50","slug":"about-us","status":"publish","type":"page","link":"https:\/\/programalab.dev\/conectas\/about-us\/","title":{"rendered":"About Us"},"content":{"rendered":"\t\t<div data-elementor-type=\"wp-page\" data-elementor-id=\"633\" class=\"elementor elementor-633\" data-elementor-post-type=\"page\">\n\t\t\t\t\t\t<section class=\"elementor-section elementor-top-section elementor-element elementor-element-b1be108 elementor-section-boxed elementor-section-height-default elementor-section-height-default\" data-id=\"b1be108\" data-element_type=\"section\" data-e-type=\"section\" data-settings=\"{&quot;background_background&quot;:&quot;classic&quot;,&quot;jet_parallax_layout_list&quot;:[]}\">\n\t\t\t\t\t\t<div class=\"elementor-container elementor-column-gap-no\">\n\t\t\t\t\t<div class=\"elementor-column elementor-col-100 elementor-top-column elementor-element elementor-element-2e0515c\" data-id=\"2e0515c\" data-element_type=\"column\" data-e-type=\"column\" data-settings=\"{&quot;background_background&quot;:&quot;classic&quot;}\">\n\t\t\t<div class=\"elementor-widget-wrap elementor-element-populated\">\n\t\t\t\t\t\t<div class=\"elementor-element elementor-element-062d9d3 elementor-widget elementor-widget-heading\" data-id=\"062d9d3\" data-element_type=\"widget\" data-e-type=\"widget\" data-widget_type=\"heading.default\">\n\t\t\t\t\t<h2 class=\"elementor-heading-title elementor-size-default\">Estamos convencidos que los mejores momentos comienzan con una excelente experiencia\n<\/h2>\t\t\t\t<\/div>\n\t\t\t\t\t<\/div>\n\t\t<\/div>\n\t\t\t\t\t<\/div>\n\t\t<\/section>\n\t\t<div class=\"elementor-element elementor-element-ea0948a e-flex e-con-boxed e-con e-parent\" data-id=\"ea0948a\" data-element_type=\"container\" data-e-type=\"container\" data-settings=\"{&quot;jet_parallax_layout_list&quot;:[]}\">\n\t\t\t\t\t<div class=\"e-con-inner\">\n\t\t<div class=\"elementor-element elementor-element-b92c856 e-con-full e-flex e-con e-child\" data-id=\"b92c856\" data-element_type=\"container\" data-e-type=\"container\" data-settings=\"{&quot;jet_parallax_layout_list&quot;:[]}\">\n\t\t\t\t<div class=\"elementor-element elementor-element-235ff41 elementor-widget elementor-widget-image\" data-id=\"235ff41\" data-element_type=\"widget\" data-e-type=\"widget\" data-widget_type=\"image.default\">\n\t\t\t\t\t\t\t\t\t\t\t\t\t\t\t<img fetchpriority=\"high\" decoding=\"async\" width=\"2560\" height=\"1707\" src=\"https:\/\/programalab.dev\/conectas\/wp-content\/uploads\/2026\/02\/happy-man-offering-to-a-friend-appetizer-he-prepar-2026-01-06-10-27-33-utc-scaled.jpg\" class=\"attachment-full size-full wp-image-12589\" alt=\"\" srcset=\"https:\/\/programalab.dev\/conectas\/wp-content\/uploads\/2026\/02\/happy-man-offering-to-a-friend-appetizer-he-prepar-2026-01-06-10-27-33-utc-scaled.jpg 2560w, https:\/\/programalab.dev\/conectas\/wp-content\/uploads\/2026\/02\/happy-man-offering-to-a-friend-appetizer-he-prepar-2026-01-06-10-27-33-utc-300x200.jpg 300w, https:\/\/programalab.dev\/conectas\/wp-content\/uploads\/2026\/02\/happy-man-offering-to-a-friend-appetizer-he-prepar-2026-01-06-10-27-33-utc-1024x683.jpg 1024w, https:\/\/programalab.dev\/conectas\/wp-content\/uploads\/2026\/02\/happy-man-offering-to-a-friend-appetizer-he-prepar-2026-01-06-10-27-33-utc-768x512.jpg 768w, https:\/\/programalab.dev\/conectas\/wp-content\/uploads\/2026\/02\/happy-man-offering-to-a-friend-appetizer-he-prepar-2026-01-06-10-27-33-utc-1536x1024.jpg 1536w, https:\/\/programalab.dev\/conectas\/wp-content\/uploads\/2026\/02\/happy-man-offering-to-a-friend-appetizer-he-prepar-2026-01-06-10-27-33-utc-2048x1365.jpg 2048w, https:\/\/programalab.dev\/conectas\/wp-content\/uploads\/2026\/02\/happy-man-offering-to-a-friend-appetizer-he-prepar-2026-01-06-10-27-33-utc-600x400.jpg 600w\" sizes=\"(max-width: 2560px) 100vw, 2560px\" \/>\t\t\t\t\t\t\t\t\t\t\t\t\t\t\t<\/div>\n\t\t\t\t<\/div>\n\t\t<div class=\"elementor-element elementor-element-1a4357a e-con-full e-flex e-con e-child\" data-id=\"1a4357a\" data-element_type=\"container\" data-e-type=\"container\" data-settings=\"{&quot;jet_parallax_layout_list&quot;:[]}\">\n\t\t\t\t<div class=\"elementor-element elementor-element-917541f elementor-widget elementor-widget-heading\" data-id=\"917541f\" data-element_type=\"widget\" data-e-type=\"widget\" data-widget_type=\"heading.default\">\n\t\t\t\t\t<h6 class=\"elementor-heading-title elementor-size-default\">Nuestra Historia<\/h6>\t\t\t\t<\/div>\n\t\t\t\t<div class=\"elementor-element elementor-element-ef01e3a elementor-widget elementor-widget-heading\" data-id=\"ef01e3a\" data-element_type=\"widget\" data-e-type=\"widget\" data-widget_type=\"heading.default\">\n\t\t\t\t\t<h3 class=\"elementor-heading-title elementor-size-default\">Acerca de Nosotros<\/h3>\t\t\t\t<\/div>\n\t\t\t\t<div class=\"elementor-element elementor-element-fc45083 elementor-widget elementor-widget-text-editor\" data-id=\"fc45083\" data-element_type=\"widget\" data-e-type=\"widget\" data-widget_type=\"text-editor.default\">\n\t\t\t\t\t\t\t\t\t<p><span style=\"font-weight: 400;\">Marketplace de Experiencias a cambio de Contenido. <\/span><span style=\"font-weight: 400;\">Democratizamos el acceso de Influencers &amp; Restaurantes para generar una mayor alcance y presencia digital para ambos<\/span><\/p>\t\t\t\t\t\t\t\t<\/div>\n\t\t\t\t<\/div>\n\t\t\t\t\t<\/div>\n\t\t\t\t<\/div>\n\t\t\t\t<section class=\"elementor-section elementor-top-section elementor-element elementor-element-a938ee4 elementor-section-boxed elementor-section-height-default elementor-section-height-default\" data-id=\"a938ee4\" data-element_type=\"section\" data-e-type=\"section\" data-settings=\"{&quot;jet_parallax_layout_list&quot;:[]}\">\n\t\t\t\t\t\t<div class=\"elementor-container elementor-column-gap-extended\">\n\t\t\t\t\t<div class=\"elementor-column elementor-col-100 elementor-top-column elementor-element elementor-element-1ce424d\" data-id=\"1ce424d\" data-element_type=\"column\" data-e-type=\"column\">\n\t\t\t<div class=\"elementor-widget-wrap elementor-element-populated\">\n\t\t\t\t\t\t<div class=\"elementor-element elementor-element-39106db elementor-widget elementor-widget-heading\" data-id=\"39106db\" data-element_type=\"widget\" data-e-type=\"widget\" data-widget_type=\"heading.default\">\n\t\t\t\t\t<h3 class=\"elementor-heading-title elementor-size-default\">\u201cComentarios de nuestros clientess\u201d\n<\/h3>\t\t\t\t<\/div>\n\t\t\t\t<div class=\"elementor-element elementor-element-137e354 elementor-widget elementor-widget-razzi-testimonials-carousel\" data-id=\"137e354\" data-element_type=\"widget\" data-e-type=\"widget\" data-settings=\"{&quot;navigation_tablet&quot;:&quot;dots&quot;,&quot;slidesToShow&quot;:1,&quot;slidesToShow_tablet&quot;:1,&quot;slidesToShow_mobile&quot;:1,&quot;slidesToScroll&quot;:1,&quot;slidesToScroll_tablet&quot;:1,&quot;slidesToScroll_mobile&quot;:1,&quot;navigation&quot;:&quot;both&quot;,&quot;autoplay_speed&quot;:1000}\" data-widget_type=\"razzi-testimonials-carousel.default\">\n\t\t\t\t<div class=\"elementor-widget-container\">\n\t\t\t\t\t<div class=\"razzi-testimonials-carousel razzi-swiper-carousel-elementor navigation-both navigation-tablet-dots navigation-mobile-both\" data-show=\"1\">\r\n\t\t\t\t<div class=\"razzi-testimonials-carousel__wrapper swiper-container\">\r\n\t\t\t\t\t<div class=\"list-testimonials__inner swiper-wrapper\" ><div class=\"box-item swiper-slide\"><div class=\"razzi-testimonials-carousel__content\"><p>\u201c Gracias a Conectas encontramos creadores que realmente entendieron nuestra propuesta gastron\u00f3mica. En una semana generamos contenido aut\u00e9ntico que se tradujo en nuevas reservas. La experiencia fue fluida y profesional.\u00a0\u201d<\/p><\/div><div class=\"razzi-testimonials-carousel__text\">Darrell Baker, 05 Ene 2026<\/div><\/div><div class=\"box-item swiper-slide\"><div class=\"razzi-testimonials-carousel__content\"><p>\u201c Nunca hab\u00edamos trabajado con influencers y ten\u00edamos dudas, pero la plataforma facilit\u00f3 todo: selecci\u00f3n, coordinaci\u00f3n y seguimiento. Logramos posicionar un men\u00fa especial y el alcance super\u00f3 nuestras expectativas. \u201d<\/p><\/div><div class=\"razzi-testimonials-carousel__text\">Homem Man, 01 Ene 2026<\/div><\/div><div class=\"box-item swiper-slide\"><div class=\"razzi-testimonials-carousel__content\"><p>\u201c Nunca hab\u00edamos trabajado con influencers y ten\u00edamos dudas, pero la plataforma facilit\u00f3 todo: selecci\u00f3n, coordinaci\u00f3n y seguimiento. Logramos posicionar un men\u00fa especial y el alcance super\u00f3 nuestras expectativas. \u201d<\/p><\/div><div class=\"razzi-testimonials-carousel__text\">Ben Chillan, 03 Ene 2026<\/div><\/div><\/div>\r\n\t\t\t\t<\/div>\r\n\t\t\t\t<span class=\"razzi-svg-icon rz-swiper-button-prev rz-swiper-button\"><svg aria-hidden=\"true\" role=\"img\" focusable=\"false\" xmlns=\"http:\/\/www.w3.org\/2000\/svg\" width=\"24\" height=\"24\" viewBox=\"0 0 24 24\" fill=\"none\" stroke=\"currentColor\" stroke-width=\"2\" stroke-linecap=\"round\" stroke-linejoin=\"round\"><polyline points=\"15 18 9 12 15 6\"><\/polyline><\/svg><\/span><span class=\"razzi-svg-icon rz-swiper-button-next rz-swiper-button\"><svg aria-hidden=\"true\" role=\"img\" focusable=\"false\" xmlns=\"http:\/\/www.w3.org\/2000\/svg\" width=\"24\" height=\"24\" viewBox=\"0 0 24 24\" fill=\"none\" stroke=\"currentColor\" stroke-width=\"2\" stroke-linecap=\"round\" stroke-linejoin=\"round\"><polyline points=\"9 18 15 12 9 6\"><\/polyline><\/svg><\/span>\r\n\t\t\t\t<div class=\"swiper-pagination\"><\/div>\r\n\t\t\t<\/div>\t\t\t\t<\/div>\n\t\t\t\t<\/div>\n\t\t\t\t\t<\/div>\n\t\t<\/div>\n\t\t\t\t\t<\/div>\n\t\t<\/section>\n\t\t\t\t<section class=\"elementor-section elementor-top-section elementor-element elementor-element-40b30cb elementor-section-boxed elementor-section-height-default elementor-section-height-default\" data-id=\"40b30cb\" data-element_type=\"section\" data-e-type=\"section\" data-settings=\"{&quot;jet_parallax_layout_list&quot;:[]}\">\n\t\t\t\t\t\t<div class=\"elementor-container elementor-column-gap-extended\">\n\t\t\t\t\t<div class=\"elementor-column elementor-col-100 elementor-top-column elementor-element elementor-element-19bed29\" data-id=\"19bed29\" data-element_type=\"column\" data-e-type=\"column\">\n\t\t\t<div class=\"elementor-widget-wrap\">\n\t\t\t\t\t\t\t<\/div>\n\t\t<\/div>\n\t\t\t\t\t<\/div>\n\t\t<\/section>\n\t\t\t\t<\/div>\n\t\t","protected":false},"excerpt":{"rendered":"<p>Estamos convencidos que los mejores momentos comienzan con una excelente experiencia Nuestra Historia Acerca de Nosotros Marketplace de Experiencias a cambio de Contenido. Democratizamos el acceso de Influencers &amp; Restaurantes para generar una mayor alcance y presencia digital para ambos \u201cComentarios de nuestros clientess\u201d \u201c Gracias a Conectas encontramos creadores que realmente entendieron nuestra propuesta [&hellip;]<\/p>\n","protected":false},"author":1,"featured_media":0,"parent":0,"menu_order":0,"comment_status":"closed","ping_status":"closed","template":"","meta":{"footnotes":""},"class_list":["post-633","page","type-page","status-publish","hentry"],"_links":{"self":[{"href":"https:\/\/programalab.dev\/conectas\/wp-json\/wp\/v2\/pages\/633","targetHints":{"allow":["GET"]}}],"collection":[{"href":"https:\/\/programalab.dev\/conectas\/wp-json\/wp\/v2\/pages"}],"about":[{"href":"https:\/\/programalab.dev\/conectas\/wp-json\/wp\/v2\/types\/page"}],"author":[{"embeddable":true,"href":"https:\/\/programalab.dev\/conectas\/wp-json\/wp\/v2\/users\/1"}],"replies":[{"embeddable":true,"href":"https:\/\/programalab.dev\/conectas\/wp-json\/wp\/v2\/comments?post=633"}],"version-history":[{"count":20,"href":"https:\/\/programalab.dev\/conectas\/wp-json\/wp\/v2\/pages\/633\/revisions"}],"predecessor-version":[{"id":12826,"href":"https:\/\/programalab.dev\/conectas\/wp-json\/wp\/v2\/pages\/633\/revisions\/12826"}],"wp:attachment":[{"href":"https:\/\/programalab.dev\/conectas\/wp-json\/wp\/v2\/media?parent=633"}],"curies":[{"name":"wp","href":"https:\/\/api.w.org\/{rel}","templated":true}]}}